{"id":498,"date":"2025-03-18T06:59:36","date_gmt":"2025-03-18T06:59:36","guid":{"rendered":"https:\/\/www.mariopark.com\/politica-de-cookies\/"},"modified":"2025-05-30T10:08:09","modified_gmt":"2025-05-30T10:08:09","slug":"politica-de-cookies","status":"publish","type":"page","link":"https:\/\/www.mariopark.com\/en\/politica-de-cookies\/","title":{"rendered":"Politica de cookies"},"content":{"rendered":"<section class=\"av_textblock_section av-m82xhkca-adf66412952c3a925f8d5883cf67918b \">\n<div class=\"avia_textblock\">\n<h2>POL\u00cdTICA DE COOKIES<\/h2>\n<h3>INFORMACI\u00d3N SOBRE COOKIES<\/h3>\n<p>Conforme con la Ley 34\/2002, de 11 de julio, de servicios de la sociedad de la informaci\u00f3n y de comercio electr\u00f3nico (LSSI), en relaci\u00f3n con el Reglamento (UE) 2016\/679 del Parlamento Europeo y del Consejo, de 27 de abril de 2016, General de Protecci\u00f3n de Datos (GDPR) y la Ley Org\u00e1nica 3\/2018, de 5 de diciembre, de Protecci\u00f3n de Datos y Garant\u00eda de los Derechos Digitales (LOPDGDD), es obligado obtener el consentimiento expreso del usuario de todas las p\u00e1ginas web que usan cookies prescindibles, antes de que este navegue por ellas.<\/p>\n<h3>\u00bfQU\u00c9 SON LAS COOKIES?<\/h3>\n<p>Las cookies y otras tecnolog\u00edas similares tales como local shared objects, flash cookies o p\u00edxeles, son herramientas empleadas por los servidores Web para almacenar y recuperar informaci\u00f3n acerca de sus visitantes, as\u00ed como para ofrecer un correcto funcionamiento del sitio.<\/p>\n<p>Mediante el uso de estos dispositivos se permite al servidor Web recordar algunos datos concernientes al usuario, como sus preferencias para la visualizaci\u00f3n de las p\u00e1ginas de ese servidor, nombre y contrase\u00f1a, productos que m\u00e1s le interesan, etc.<\/p>\n<h3>COOKIES AFECTADAS POR LA NORMATIVA Y COOKIES EXCEPTUADAS<\/h3>\n<p>Seg\u00fan la directiva de la UE, las cookies que requieren el consentimiento informado por parte del usuario son las cookies de anal\u00edtica y las de publicidad y afiliaci\u00f3n, quedando exceptuadas las de car\u00e1cter t\u00e9cnico y las necesarias para el funcionamiento del sitio web o la prestaci\u00f3n de servicios expresamente solicitados por el usuario.<\/p>\n<h3>TIPOS DE COOKIES<\/h3>\n<h4>SEG\u00daN LA FINALIDAD<\/h4>\n<ul>\n<li>Cookies t\u00e9cnicas y funcionales: son aquellas que permiten al usuario la navegaci\u00f3n a trav\u00e9s de una p\u00e1gina web, plataforma o aplicaci\u00f3n y la utilizaci\u00f3n de las diferentes opciones o servicios que en ella existan.<\/li>\n<li>Cookies anal\u00edticas: son aquellas que permiten al responsable de las mismas el seguimiento y an\u00e1lisis del comportamiento de los usuarios de los sitios web a los que est\u00e1n vinculadas. La informaci\u00f3n recogida mediante este tipo de cookies se utiliza en la medici\u00f3n de la actividad de los sitios web, aplicaci\u00f3n o plataforma y para la elaboraci\u00f3n de perfiles de navegaci\u00f3n de los usuarios de dichos sitios, aplicaciones y plataformas, con el fin de introducir mejoras en funci\u00f3n del an\u00e1lisis de los datos de uso que hacen los usuarios del servicio.<\/li>\n<li>Cookies publicitarias: son aquellas que permiten la gesti\u00f3n, de la forma m\u00e1s eficaz posible, de los espacios publicitarios que, en su caso, el editor haya incluido en una p\u00e1gina web, aplicaci\u00f3n o plataforma desde la que presta el servicio solicitado en base a criterios como el contenido editado o la frecuencia en la que se muestran los anuncios.<\/li>\n<li>Cookiesde publicidad comportamental: recogen informaci\u00f3n sobre las preferencias y elecciones personales del usuario (retargeting) para permitir la gesti\u00f3n, de la forma m\u00e1s eficaz posible, de los espacios publicitarios que, en su caso, el editor haya incluido en una p\u00e1gina web, aplicaci\u00f3n o plataforma desde la que presta el servicio solicitado.<\/li>\n<li>Cookies sociales: son establecidas por las plataformas de redes sociales en los servicios para permitirle compartir contenido con sus amigos y redes. Las plataformas de medios sociales tienen la capacidad de rastrear su actividad en l\u00ednea fuera de los Servicios. Esto puede afectar al contenido y los mensajes que ve en otros servicios que visita.<\/li>\n<li>Cookies de afiliados: permiten hacer un seguimiento de las visitas procedentes de otras webs, con las que el sitio web establece un contrato de afiliaci\u00f3n (empresas de afiliaci\u00f3n).<\/li>\n<li>Cookiesde seguridad: almacenan informaci\u00f3n cifrada para evitar que los datos guardados en ellas sean vulnerables a ataques maliciosos de terceros.<\/li>\n<\/ul>\n<h4>SEG\u00daN LA PROPIEDAD<\/h4>\n<ul>\n<li>Cookies propias: son aquellas que se env\u00edan al equipo terminal del usuario desde un equipo o dominio gestionado por el propio editor y desde el que se presta el servicio solicitado por el usuario.<\/li>\n<li>Cookies de terceros: son aquellas que se env\u00edan al equipo terminal del usuario desde un equipo o dominio que no es gestionado por el editor, sino por otra entidad que trata los datos obtenidos trav\u00e9s de las cookies.<\/li>\n<\/ul>\n<h4>SEG\u00daN EL PLAZO DE CONSERVACI\u00d3N<\/h4>\n<ul>\n<li>Cookies de sesi\u00f3n: son un tipo de cookies dise\u00f1adas para recabar y almacenar datos mientras el usuario accede a una p\u00e1gina web.<\/li>\n<li>Cookies persistentes: son un tipo de cookies en el que los datos siguen almacenados en el terminal y pueden ser accedidos y tratados durante un per\u00edodo definido por el responsable de la cookie, y que puede ir de unos minutos a varios a\u00f1os.<\/li>\n<\/ul>\n<h3>TRATAMIENTO DE DATOS PERSONALES<\/h3>\n<p>ENTIDAD CONSERVACI\u00d3N LA ENV\u00cdA GOLF es el Responsable del tratamiento de los datos personales del Interesado y le informa de que estos datos ser\u00e1n tratados de conformidad con lo dispuesto en el Reglamento (UE) 2016\/679, de 27 de abril de 2016 (GDPR), por lo que se le facilita la siguiente informaci\u00f3n del tratamiento:<\/p>\n<p><strong>Fines del tratamiento<\/strong>: seg\u00fan se especifica en el apartado de cookies que se utilizan en este sitio web.<\/p>\n<p><strong>Legitimaci\u00f3n del tratamiento<\/strong>: salvo en los casos en los que resulte necesario para la navegaci\u00f3n por la web, por consentimiento del interesado (art. 6.1.a GDPR).<br \/>\nCriterios de conservaci\u00f3n de los datos: seg\u00fan se especifica en el apartado de cookies utilizadas en la web.<\/p>\n<p><strong>Comunicaci\u00f3n de los datos<\/strong>: no se comunicar\u00e1n los datos a terceros, excepto en cookies propiedad de terceros o por obligaci\u00f3n legal.<\/p>\n<h5>Derechos que asisten al Interesado:<\/h5>\n<ul>\n<li>Derecho a retirar el consentimiento en cualquier momento.<\/li>\n<li>Derecho de acceso, rectificaci\u00f3n, portabilidad y supresi\u00f3n de sus datos, y de limitaci\u00f3n u oposici\u00f3n a su tratamiento.<\/li>\n<li>Derecho a presentar una reclamaci\u00f3n ante la Autoridad de control (www.aepd.es) si considera que el tratamiento no se ajusta a la normativa vigente.<\/li>\n<\/ul>\n<h5>Datos de contacto para ejercer sus derechos:<\/h5>\n<p>Denominaci\u00f3n social: Iniciativas tur\u00edsticas Roquetas de mar SA, CIF: A04268439<br \/>\nDomicilio social: <span class=\"LrzXr\">Camino las Salinas, 10, 04740 Roquetas de Mar, Almer\u00eda<\/span> Tel\u00e9fono: 950 32 75 75<br \/>\ne-mail: aquapark@mariopark.com<\/p>\n<\/div>\n<\/section>\n<div class=\"av-special-heading av-m82xjqwy-ca616cfd9babda36896d07d9c347c0aa av-special-heading-h2 blockquote modern-quote modern-centered avia-builder-el-6 el_after_av_textblock el_before_av_heading \">\n<h2 class=\"av-special-heading-tag \">COOKIES UTILIZADAS EN ESTE SITIO WEB<\/h2>\n<\/div>\n<div class=\"av-special-heading av-m82xkelq-a898792b121233aa56d993169faea6b6 av-special-heading-h3 blockquote modern-quote modern-centered avia-builder-el-7 el_after_av_heading el_before_av_table \">\n<h3 class=\"av-special-heading-tag \">COOKIES CONTROLADAS POR EL EDITOR<\/h3>\n<\/div>\n<div class=\"avia-data-table-wrap av-14nynl-e38d4e57c99496b10b89809f06c3b1df avia_responsive_table avia-table-1\">\n<table class=\"avia-table avia-data-table avia_pricing_default avia-builder-el-8 el_after_av_heading el_before_av_heading \">\n<tbody>\n<tr class=\"avia-heading-row\">\n<th class=\"\">Propiedad<\/th>\n<th class=\"\">Cookie<\/th>\n<th class=\"\">Finalidad<\/th>\n<th class=\"\">Plazo<\/th>\n<\/tr>\n<tr class=\"\">\n<td class=\"\">mariopark.com<\/td>\n<td class=\"\">cookielawinfo-checkbox-necessary<\/td>\n<td class=\"\">Cookie necesaria para la utilizaci\u00f3n de las opciones y servicios del sitio web<\/td>\n<td class=\"\">Un a\u00f1o<\/td>\n<\/tr>\n<tr class=\"\">\n<td class=\"\">mariopark.com<\/td>\n<td class=\"\">cookielawinfo-checkbox-non-necessary<\/td>\n<td class=\"\">Cookie necesaria para la utilizaci\u00f3n de las opciones y servicios del sitio web<\/td>\n<td class=\"\">Un a\u00f1o<\/td>\n<\/tr>\n<tr class=\"\">\n<td class=\"\">mariopark.com<\/td>\n<td class=\"\">cookielawinfoconsent<\/td>\n<td class=\"\">Cookie necesaria para la utilizaci\u00f3n de las opciones y servicios del sitio web<\/td>\n<td class=\"\">Un a\u00f1o<\/td>\n<\/tr>\n<tr class=\"\">\n<td class=\"\">PHP.net<\/td>\n<td class=\"\">PHPSESSID<\/td>\n<td class=\"\">Cookies generada por las aplicaciones basadas en el lenguaje PHP. Se trata de un identificador de prop\u00f3sito general usado para mantener las variables de sesi\u00f3n de PHP.net PHPSESSID usuario. Normalmente es un n\u00famero generado al azar, c\u00f3mo Sesi\u00f3n se utiliza puede ser espec\u00edfica para el sitio, pero un buen ejemplo es el mantenimiento de una sesi\u00f3n iniciada en el estado de un usuario entre las p\u00e1ginas.<\/td>\n<td class=\"\">Un a\u00f1o<\/td>\n<\/tr>\n<tr class=\"\">\n<td class=\"\">PHP.net<\/td>\n<td class=\"\">viewed_cookie:policy<\/td>\n<td class=\"\">Se utiliza para recordar sus preferencias en cuanto a la Pol\u00edtica de cookies establecida<\/td>\n<td class=\"\">Un a\u00f1o<\/td>\n<\/tr>\n<\/tbody>\n<\/table>\n<\/div>\n<div class=\"av-special-heading av-m82xxaiz-bf1cadd5437437e7c47140ea9d1760b6 av-special-heading-h3 blockquote modern-quote modern-centered avia-builder-el-9 el_after_av_table el_before_av_textblock \">\n<h3 class=\"av-special-heading-tag \">COOKIES DE TERCEROS<\/h3>\n<\/div>\n<section class=\"av_textblock_section av-m82xz53q-5f7c4123b62a1267b717f393045a353c \">\n<div class=\"avia_textblock\">\n<p>Los servicios de terceros son ajenos al control del editor. Los proveedores pueden modificar en todo momento sus condiciones de servicio, finalidad y utilizaci\u00f3n de las cookies, etc.<\/p>\n<h4>Proceedores externos de este sitio web:<\/h4>\n<\/div>\n<\/section>\n<div class=\"avia-data-table-wrap av-m7k7p-8b02c385509f1dd709833ff6ddb0f969 avia_responsive_table avia-table-2\">\n<table class=\"avia-table avia-data-table avia_pricing_default avia-builder-el-11 el_after_av_textblock el_before_av_heading \">\n<tbody>\n<tr class=\"avia-heading-row\">\n<th class=\"\">Editor<\/th>\n<th class=\"\">Pol\u00edtica de privacidad<\/th>\n<\/tr>\n<tr class=\"\">\n<td class=\"\">PHP.net<\/td>\n<td class=\"\">https:\/\/www.php. net\/privacy.php<\/td>\n<\/tr>\n<\/tbody>\n<\/table>\n<\/div>\n<div class=\"av-special-heading av-i6f7p-6bdfe4a6c42bb5781b630701741a12c8 av-special-heading-h3 blockquote modern-quote modern-centered avia-builder-el-12 el_after_av_table el_before_av_textblock \">\n<h3 class=\"av-special-heading-tag \">PANEL DE CONFIGURACI\u00d3N DE COOKIES<\/h3>\n<\/div>\n<section class=\"av_textblock_section av-m82y2ohr-9acaeea17099475b69abd5597d9473d2 \">\n<div class=\"avia_textblock\">\n<p>Desde este panel podr\u00e1 configurar las cookies que el sitio web puede instalar en su navegador, excepto las cookies t\u00e9cnicas o funcionales que son necesarias para la navegaci\u00f3n y la utilizaci\u00f3n de las diferentes opciones o servicios que se ofrecen.<\/p>\n<div class=\"av-privacy-popup-button-wrap \"><a class=\"avia-button avia-cookie-consent-button av-extra-cookie-btn avia-cookie-info-btn \" href=\"https:\/\/entidadenviagolf.es\/politica-de-cookies\/#\">Panel de cookies<\/a><\/div>\n<\/div>\n<\/section>\n<div class=\"av-special-heading av-m82y1q3h-15e6ab4afb8a911ccec886f0c5afb74b av-special-heading-h3 blockquote modern-quote modern-centered avia-builder-el-14 el_after_av_textblock el_before_av_table \">\n<h3 class=\"av-special-heading-tag \">COMO GESTIONAR LAS COOKIES DESDE EL NAVEGADOR<\/h3>\n<\/div>\n<div class=\"avia-data-table-wrap av-640l-b2aec1e35dccf937b15c4d0ef544adee avia_responsive_table avia-table-3\">\n<table class=\"avia-table avia-data-table avia_pricing_default avia-builder-el-15 el_after_av_heading el_before_av_heading \">\n<tbody>\n<tr class=\"\">\n<td class=\"avia-highlight-col\">Eliminar las cookies del dispositivo<\/td>\n<td class=\"\">Las cookies que ya est\u00e1n en un dispositivo se pueden eliminar borrando el historial del navegador, con lo que se suprimen las cookies de todos los sitios web visitados. Sin embargo, tambi\u00e9n se puede perder parte de la informaci\u00f3n guardada (por ejemplo, los datos de inicio de sesi\u00f3n o las preferencias de sitio web).<\/td>\n<\/tr>\n<tr class=\"\">\n<td class=\"avia-highlight-col\">Gestionar las cookies espec\u00edficas del sitio<\/td>\n<td class=\"\">Para tener un control m\u00e1s preciso de las cookies espec\u00edficas de cada sitio, los usuarios del sitio pueden ajustar su configuraci\u00f3n de privacidad y cookies en el navegador.<\/td>\n<\/tr>\n<tr class=\"\">\n<td class=\"avia-highlight-col\">Bloquear las cookies<\/td>\n<td class=\"\">Aunque la mayor\u00eda de los navegadores modernos se pueden configurar para evitar que se instalen cookies en los dispositivos, eso puede obligar al ajuste manual de Bloquear las cookies determinadas preferencias cada vez que se visite un sitio o p\u00e1gina. Adem\u00e1s, algunos servicios y caracter\u00edsticas pueden no funcionar correctamente (por ejemplo, los inicios de sesi\u00f3n con perfil).<\/td>\n<\/tr>\n<\/tbody>\n<\/table>\n<\/div>\n<div class=\"av-special-heading av-m82y8ie4-c4b0476cbb51fb75f947cd35b550eace av-special-heading-h3 blockquote modern-quote modern-centered avia-builder-el-16 el_after_av_table el_before_av_table \">\n<h3 class=\"av-special-heading-tag \">COMO ELIMINAR LAS COOKIES DE LOS NAVEGADORES M\u00c1S COMUNES<\/h3>\n<\/div>\n<div class=\"avia-data-table-wrap av-iw6g9-5c9ad8bc0e93f52b3daebed6e20d0fbc avia_responsive_table avia-table-4\">\n<table class=\"avia-table avia-data-table avia_pricing_default avia-builder-el-17 el_after_av_heading avia-builder-el-last \">\n<tbody>\n<tr class=\"\">\n<td class=\"\">Chrome<\/td>\n<td class=\"\">http:\/\/support.google.com\/chrome\/answer\/95647?hl=es<\/td>\n<\/tr>\n<tr class=\"\">\n<td class=\"\">Edge<\/td>\n<td class=\"\">https:\/\/support.microsoft.com\/es-es\/microsoft-edge\/eliminar-las-cookies-en-microsoft-edge-63947406-40ac-c3b8-57b9-2a946a29ae09<\/td>\n<\/tr>\n<tr class=\"\">\n<td class=\"\">Explorer<\/td>\n<td class=\"\">https:\/\/support. microsoft.com\/es-es\/help\/278835\/how-to-delete-cookie-files-in-internet-explorer<\/td>\n<\/tr>\n<tr class=\"\">\n<td class=\"\">Firefox<\/td>\n<td class=\"\">https:\/\/www.mozilla.org\/es-ES\/privacy\/websites\/#cookies<\/td>\n<\/tr>\n<tr class=\"\">\n<td class=\"\">Safari<\/td>\n<td class=\"\">https:\/\/support.apple.com\/es-es\/guide\/safari\/sf[i11471\/mac<\/td>\n<\/tr>\n<tr class=\"\">\n<td class=\"\">Opera<\/td>\n<td class=\"\">https:\/\/belp.ope\u00a1a.com\/eo\/latest\/secu\u00a1jty-and-privacy\/#clearB\u00a1owsiogData<\/td>\n<\/tr>\n<\/tbody>\n<\/table>\n<\/div>\n","protected":false},"excerpt":{"rendered":"<p>POL\u00cdTICA DE COOKIES INFORMACI\u00d3N SOBRE COOKIES Conforme con la Ley 34\/2002, de 11 de julio, de servicios de la sociedad de la informaci\u00f3n y de comercio electr\u00f3nico (LSSI), en relaci\u00f3n con el Reglamento (UE) 2016\/679 del Parlamento Europeo y del Consejo, de 27 de abril de 2016, General de Protecci\u00f3n de Datos (GDPR) y la [&hellip;]<\/p>\n","protected":false},"author":1,"featured_media":0,"parent":0,"menu_order":0,"comment_status":"closed","ping_status":"closed","template":"","meta":{"footnotes":""},"class_list":["post-498","page","type-page","status-publish","hentry"],"yoast_head":"<!-- This site is optimized with the Yoast SEO plugin v27.4 - https:\/\/yoast.com\/product\/yoast-seo-wordpress\/ -->\n<title>Politica de cookies - Mario Park<\/title>\n<meta name=\"robots\" content=\"index, follow, max-snippet:-1, max-image-preview:large, max-video-preview:-1\" \/>\n<link rel=\"canonical\" href=\"https:\/\/www.mariopark.com\/en\/politica-de-cookies\/\" \/>\n<meta property=\"og:locale\" content=\"en_US\" \/>\n<meta property=\"og:type\" content=\"article\" \/>\n<meta property=\"og:title\" content=\"Politica de cookies - Mario Park\" \/>\n<meta property=\"og:description\" content=\"POL\u00cdTICA DE COOKIES INFORMACI\u00d3N SOBRE COOKIES Conforme con la Ley 34\/2002, de 11 de julio, de servicios de la sociedad de la informaci\u00f3n y de comercio electr\u00f3nico (LSSI), en relaci\u00f3n con el Reglamento (UE) 2016\/679 del Parlamento Europeo y del Consejo, de 27 de abril de 2016, General de Protecci\u00f3n de Datos (GDPR) y la [&hellip;]\" \/>\n<meta property=\"og:url\" content=\"https:\/\/www.mariopark.com\/en\/politica-de-cookies\/\" \/>\n<meta property=\"og:site_name\" content=\"Mario Park\" \/>\n<meta property=\"article:publisher\" content=\"https:\/\/www.facebook.com\/aquaparkmariopark\/\" \/>\n<meta property=\"article:modified_time\" content=\"2025-05-30T10:08:09+00:00\" \/>\n<meta name=\"twitter:card\" content=\"summary_large_image\" \/>\n<script type=\"application\/ld+json\" class=\"yoast-schema-graph\">{\"@context\":\"https:\\\/\\\/schema.org\",\"@graph\":[{\"@type\":\"WebPage\",\"@id\":\"https:\\\/\\\/www.mariopark.com\\\/en\\\/politica-de-cookies\\\/\",\"url\":\"https:\\\/\\\/www.mariopark.com\\\/en\\\/politica-de-cookies\\\/\",\"name\":\"Politica de cookies - Mario Park\",\"isPartOf\":{\"@id\":\"https:\\\/\\\/www.mariopark.com\\\/#website\"},\"datePublished\":\"2025-03-18T06:59:36+00:00\",\"dateModified\":\"2025-05-30T10:08:09+00:00\",\"breadcrumb\":{\"@id\":\"https:\\\/\\\/www.mariopark.com\\\/en\\\/politica-de-cookies\\\/#breadcrumb\"},\"inLanguage\":\"en-US\",\"potentialAction\":[{\"@type\":\"ReadAction\",\"target\":[\"https:\\\/\\\/www.mariopark.com\\\/en\\\/politica-de-cookies\\\/\"]}]},{\"@type\":\"BreadcrumbList\",\"@id\":\"https:\\\/\\\/www.mariopark.com\\\/en\\\/politica-de-cookies\\\/#breadcrumb\",\"itemListElement\":[{\"@type\":\"ListItem\",\"position\":1,\"name\":\"Portada\",\"item\":\"https:\\\/\\\/www.mariopark.com\\\/inicio\\\/\"},{\"@type\":\"ListItem\",\"position\":2,\"name\":\"Politica de cookies\"}]},{\"@type\":\"WebSite\",\"@id\":\"https:\\\/\\\/www.mariopark.com\\\/#website\",\"url\":\"https:\\\/\\\/www.mariopark.com\\\/\",\"name\":\"Mario Park\",\"description\":\"Parque acu\u00e1tico en Almer\u00eda\",\"publisher\":{\"@id\":\"https:\\\/\\\/www.mariopark.com\\\/#organization\"},\"potentialAction\":[{\"@type\":\"SearchAction\",\"target\":{\"@type\":\"EntryPoint\",\"urlTemplate\":\"https:\\\/\\\/www.mariopark.com\\\/?s={search_term_string}\"},\"query-input\":{\"@type\":\"PropertyValueSpecification\",\"valueRequired\":true,\"valueName\":\"search_term_string\"}}],\"inLanguage\":\"en-US\"},{\"@type\":\"Organization\",\"@id\":\"https:\\\/\\\/www.mariopark.com\\\/#organization\",\"name\":\"Mario Park\",\"url\":\"https:\\\/\\\/www.mariopark.com\\\/\",\"logo\":{\"@type\":\"ImageObject\",\"inLanguage\":\"en-US\",\"@id\":\"https:\\\/\\\/www.mariopark.com\\\/#\\\/schema\\\/logo\\\/image\\\/\",\"url\":\"https:\\\/\\\/www.mariopark.com\\\/wp-content\\\/uploads\\\/2025\\\/03\\\/logo_letras_mariopark-1.png\",\"contentUrl\":\"https:\\\/\\\/www.mariopark.com\\\/wp-content\\\/uploads\\\/2025\\\/03\\\/logo_letras_mariopark-1.png\",\"width\":853,\"height\":295,\"caption\":\"Mario Park\"},\"image\":{\"@id\":\"https:\\\/\\\/www.mariopark.com\\\/#\\\/schema\\\/logo\\\/image\\\/\"},\"sameAs\":[\"https:\\\/\\\/www.facebook.com\\\/aquaparkmariopark\\\/\",\"https:\\\/\\\/www.instagram.com\\\/mariopark_water_park\\\/\",\"https:\\\/\\\/www.tiktok.com\\\/@marioparkwaterpark\"]}]}<\/script>\n<!-- \/ Yoast SEO plugin. -->","yoast_head_json":{"title":"Politica de cookies - Mario Park","robots":{"index":"index","follow":"follow","max-snippet":"max-snippet:-1","max-image-preview":"max-image-preview:large","max-video-preview":"max-video-preview:-1"},"canonical":"https:\/\/www.mariopark.com\/en\/politica-de-cookies\/","og_locale":"en_US","og_type":"article","og_title":"Politica de cookies - Mario Park","og_description":"POL\u00cdTICA DE COOKIES INFORMACI\u00d3N SOBRE COOKIES Conforme con la Ley 34\/2002, de 11 de julio, de servicios de la sociedad de la informaci\u00f3n y de comercio electr\u00f3nico (LSSI), en relaci\u00f3n con el Reglamento (UE) 2016\/679 del Parlamento Europeo y del Consejo, de 27 de abril de 2016, General de Protecci\u00f3n de Datos (GDPR) y la [&hellip;]","og_url":"https:\/\/www.mariopark.com\/en\/politica-de-cookies\/","og_site_name":"Mario Park","article_publisher":"https:\/\/www.facebook.com\/aquaparkmariopark\/","article_modified_time":"2025-05-30T10:08:09+00:00","twitter_card":"summary_large_image","schema":{"@context":"https:\/\/schema.org","@graph":[{"@type":"WebPage","@id":"https:\/\/www.mariopark.com\/en\/politica-de-cookies\/","url":"https:\/\/www.mariopark.com\/en\/politica-de-cookies\/","name":"Politica de cookies - Mario Park","isPartOf":{"@id":"https:\/\/www.mariopark.com\/#website"},"datePublished":"2025-03-18T06:59:36+00:00","dateModified":"2025-05-30T10:08:09+00:00","breadcrumb":{"@id":"https:\/\/www.mariopark.com\/en\/politica-de-cookies\/#breadcrumb"},"inLanguage":"en-US","potentialAction":[{"@type":"ReadAction","target":["https:\/\/www.mariopark.com\/en\/politica-de-cookies\/"]}]},{"@type":"BreadcrumbList","@id":"https:\/\/www.mariopark.com\/en\/politica-de-cookies\/#breadcrumb","itemListElement":[{"@type":"ListItem","position":1,"name":"Portada","item":"https:\/\/www.mariopark.com\/inicio\/"},{"@type":"ListItem","position":2,"name":"Politica de cookies"}]},{"@type":"WebSite","@id":"https:\/\/www.mariopark.com\/#website","url":"https:\/\/www.mariopark.com\/","name":"Mario Park","description":"Parque acu\u00e1tico en Almer\u00eda","publisher":{"@id":"https:\/\/www.mariopark.com\/#organization"},"potentialAction":[{"@type":"SearchAction","target":{"@type":"EntryPoint","urlTemplate":"https:\/\/www.mariopark.com\/?s={search_term_string}"},"query-input":{"@type":"PropertyValueSpecification","valueRequired":true,"valueName":"search_term_string"}}],"inLanguage":"en-US"},{"@type":"Organization","@id":"https:\/\/www.mariopark.com\/#organization","name":"Mario Park","url":"https:\/\/www.mariopark.com\/","logo":{"@type":"ImageObject","inLanguage":"en-US","@id":"https:\/\/www.mariopark.com\/#\/schema\/logo\/image\/","url":"https:\/\/www.mariopark.com\/wp-content\/uploads\/2025\/03\/logo_letras_mariopark-1.png","contentUrl":"https:\/\/www.mariopark.com\/wp-content\/uploads\/2025\/03\/logo_letras_mariopark-1.png","width":853,"height":295,"caption":"Mario Park"},"image":{"@id":"https:\/\/www.mariopark.com\/#\/schema\/logo\/image\/"},"sameAs":["https:\/\/www.facebook.com\/aquaparkmariopark\/","https:\/\/www.instagram.com\/mariopark_water_park\/","https:\/\/www.tiktok.com\/@marioparkwaterpark"]}]}},"_links":{"self":[{"href":"https:\/\/www.mariopark.com\/en\/wp-json\/wp\/v2\/pages\/498","targetHints":{"allow":["GET"]}}],"collection":[{"href":"https:\/\/www.mariopark.com\/en\/wp-json\/wp\/v2\/pages"}],"about":[{"href":"https:\/\/www.mariopark.com\/en\/wp-json\/wp\/v2\/types\/page"}],"author":[{"embeddable":true,"href":"https:\/\/www.mariopark.com\/en\/wp-json\/wp\/v2\/users\/1"}],"replies":[{"embeddable":true,"href":"https:\/\/www.mariopark.com\/en\/wp-json\/wp\/v2\/comments?post=498"}],"version-history":[{"count":1,"href":"https:\/\/www.mariopark.com\/en\/wp-json\/wp\/v2\/pages\/498\/revisions"}],"predecessor-version":[{"id":503,"href":"https:\/\/www.mariopark.com\/en\/wp-json\/wp\/v2\/pages\/498\/revisions\/503"}],"wp:attachment":[{"href":"https:\/\/www.mariopark.com\/en\/wp-json\/wp\/v2\/media?parent=498"}],"curies":[{"name":"wp","href":"https:\/\/api.w.org\/{rel}","templated":true}]}}