{"id":522,"date":"2025-05-05T07:21:51","date_gmt":"2025-05-05T07:21:51","guid":{"rendered":"https:\/\/www.mariopark.com\/sobre-el-parque\/"},"modified":"2025-05-30T10:40:33","modified_gmt":"2025-05-30T10:40:33","slug":"sobre-el-parque","status":"publish","type":"page","link":"https:\/\/www.mariopark.com\/en\/sobre-el-parque\/","title":{"rendered":"Sobre el parque"},"content":{"rendered":"\n<style type=\"text\/css\" data-created_by=\"avia_inline_auto\" id=\"style-css-av-s88dv-17d75daf5633de3142e6b29a87a91951\">\n.avia-section.av-s88dv-17d75daf5633de3142e6b29a87a91951{\nbackground-repeat:no-repeat;\nbackground-image:url(https:\/\/www.mariopark.com\/wp-content\/uploads\/2025\/03\/mariopark_sld02.jpg);\nbackground-position:50% 50%;\nbackground-attachment:scroll;\n}\n<\/style>\n<div id='av_section_1'  class='avia-section av-s88dv-17d75daf5633de3142e6b29a87a91951 main_color avia-section-default avia-no-border-styling  avia-builder-el-0  el_before_av_section  avia-builder-el-first  avia-full-stretch avia-bg-style-scroll container_wrap fullsize'  data-section-bg-repeat='stretch'><div class='container av-section-cont-open' ><main  role=\"main\" itemprop=\"mainContentOfPage\"  class='template-page content  av-content-full alpha units'><div class='post-entry post-entry-type-page post-entry-522'><div class='entry-content-wrapper clearfix'>\n\n<style type=\"text\/css\" data-created_by=\"avia_inline_auto\" id=\"style-css-av-np1dv-83b57b5a590c4abd0514ee78982034b8\">\n.flex_column.av-np1dv-83b57b5a590c4abd0514ee78982034b8{\npadding:30px 30px 30px 30px;\nbackground-color:rgba(255,255,255,0.8);\n}\n<\/style>\n<div  class='flex_column av-np1dv-83b57b5a590c4abd0514ee78982034b8 av_one_full  avia-builder-el-1  avia-builder-el-no-sibling  first flex_column_div  '     ><style type=\"text\/css\" data-created_by=\"avia_inline_auto\" id=\"style-css-av-maar0sgx-dfa6d978ee4eaf50e192258e8cbdd0c0\">\n#top .av-special-heading.av-maar0sgx-dfa6d978ee4eaf50e192258e8cbdd0c0{\npadding-bottom:10px;\ncolor:#035582;\n}\nbody .av-special-heading.av-maar0sgx-dfa6d978ee4eaf50e192258e8cbdd0c0 .av-special-heading-tag .heading-char{\nfont-size:25px;\n}\n.av-special-heading.av-maar0sgx-dfa6d978ee4eaf50e192258e8cbdd0c0 .special-heading-inner-border{\nborder-color:#035582;\n}\n.av-special-heading.av-maar0sgx-dfa6d978ee4eaf50e192258e8cbdd0c0 .av-subheading{\nfont-size:15px;\n}\n<\/style>\n<div  class='av-special-heading av-maar0sgx-dfa6d978ee4eaf50e192258e8cbdd0c0 av-special-heading-h1 custom-color-heading blockquote modern-quote modern-centered  avia-builder-el-2  avia-builder-el-no-sibling '><h1 class='av-special-heading-tag '  itemprop=\"headline\"  >SOBRE EL PARQUE<\/h1><div class=\"special-heading-border\"><div class=\"special-heading-inner-border\"><\/div><\/div><\/div><\/div>\n\n<\/div><\/div><\/main><!-- close content main element --><\/div><\/div>\n<style type=\"text\/css\" data-created_by=\"avia_inline_auto\" id=\"style-css-av-gnbwb-0040a3c13eb09fe7a73476076d629cd3\">\n.avia-section.av-gnbwb-0040a3c13eb09fe7a73476076d629cd3{\nbackground-repeat:no-repeat;\nbackground-image:url(https:\/\/www.mariopark.com\/wp-content\/uploads\/2025\/03\/fondo_olas.jpg);\nbackground-position:0% 0%;\nbackground-attachment:scroll;\n}\n<\/style>\n<div id='av_section_2'  class='avia-section av-gnbwb-0040a3c13eb09fe7a73476076d629cd3 main_color avia-section-default avia-no-border-styling  avia-builder-el-3  el_after_av_section  avia-builder-el-last  avia-full-stretch avia-bg-style-scroll container_wrap fullsize'  data-section-bg-repeat='stretch'><div class='container av-section-cont-open' ><div class='template-page content  av-content-full alpha units'><div class='post-entry post-entry-type-page post-entry-522'><div class='entry-content-wrapper clearfix'>\n<div class='flex_column_table av-bckm3-c743dbf1e0aae909724b74640846900d sc-av_one_full av-equal-height-column-flextable'>\n<style type=\"text\/css\" data-created_by=\"avia_inline_auto\" id=\"style-css-av-bckm3-c743dbf1e0aae909724b74640846900d\">\n@keyframes av_boxShadowEffect_av-bckm3-c743dbf1e0aae909724b74640846900d-column {\n0%   { box-shadow:  0 0 0 0 rgba(0,0,0,0.24); opacity: 1; }\n100% { box-shadow:  0 0 10px 0 rgba(0,0,0,0.24); opacity: 1; }\n}\n.flex_column.av-bckm3-c743dbf1e0aae909724b74640846900d{\nbox-shadow: 0 0 10px 0 rgba(0,0,0,0.24);\nborder-radius:10px 10px 10px 10px;\npadding:40px 40px 40px 40px;\nbackground-color:#ffffff;\n}\n<\/style>\n<div  class='flex_column av-bckm3-c743dbf1e0aae909724b74640846900d av_one_full  avia-builder-el-4  avia-builder-el-no-sibling  first flex_column_table_cell av-equal-height-column av-align-top shadow-not-animated  '     ><p>\n<style type=\"text\/css\" data-created_by=\"avia_inline_auto\" id=\"style-css-av-maar17wc-9b478f8556fd0609bb7e2a2f773e8618\">\n#top .av-special-heading.av-maar17wc-9b478f8556fd0609bb7e2a2f773e8618{\npadding-bottom:10px;\n}\nbody .av-special-heading.av-maar17wc-9b478f8556fd0609bb7e2a2f773e8618 .av-special-heading-tag .heading-char{\nfont-size:25px;\n}\n.av-special-heading.av-maar17wc-9b478f8556fd0609bb7e2a2f773e8618 .av-subheading{\nfont-size:15px;\n}\n<\/style>\n<div  class='av-special-heading av-maar17wc-9b478f8556fd0609bb7e2a2f773e8618 av-special-heading-h2 blockquote modern-quote modern-centered  avia-builder-el-5  el_before_av_image  avia-builder-el-first '><h2 class='av-special-heading-tag '  itemprop=\"headline\"  >SOBRE EL PARQUE<\/h2><div class=\"special-heading-border\"><div class=\"special-heading-inner-border\"><\/div><\/div><\/div><br \/>\n\n<style type=\"text\/css\" data-created_by=\"avia_inline_auto\" id=\"style-css-av-maar5mx7-8f7fdbb4219fc352ea7f3799373724db\">\n.avia-image-container.av-maar5mx7-8f7fdbb4219fc352ea7f3799373724db img.avia_image{\nbox-shadow:none;\n}\n.avia-image-container.av-maar5mx7-8f7fdbb4219fc352ea7f3799373724db .av-image-caption-overlay-center{\ncolor:#ffffff;\n}\n<\/style>\n<div  class='avia-image-container av-maar5mx7-8f7fdbb4219fc352ea7f3799373724db av-styling- avia-align-center  avia-builder-el-6  el_after_av_heading  el_before_av_textblock '   itemprop=\"image\" itemscope=\"itemscope\" itemtype=\"https:\/\/schema.org\/ImageObject\" ><div class=\"avia-image-container-inner\"><div class=\"avia-image-overlay-wrap\"><img decoding=\"async\" fetchpriority=\"high\" class='wp-image-392 avia-img-lazy-loading-not-392 avia_image ' src=\"https:\/\/www.mariopark.com\/wp-content\/uploads\/2025\/03\/logo_mario_park-300x227.png\" alt='' title='logo_mario_park'  height=\"227\" width=\"300\"  itemprop=\"thumbnailUrl\" srcset=\"https:\/\/www.mariopark.com\/wp-content\/uploads\/2025\/03\/logo_mario_park-300x227.png 300w, https:\/\/www.mariopark.com\/wp-content\/uploads\/2025\/03\/logo_mario_park.png 396w\" sizes=\"(max-width: 300px) 100vw, 300px\" \/><\/div><\/div><\/div><br \/>\n<section  class='av_textblock_section av-maar4u17-816b43cdd3aa1ee754be39d3f1b9d155 '   itemscope=\"itemscope\" itemtype=\"https:\/\/schema.org\/CreativeWork\" ><div class='avia_textblock'  itemprop=\"text\" ><p><strong>Mario Park<\/strong> es el parque acu\u00e1tico m\u00e1s grande de Almer\u00eda, un lugar ideal para disfrutar de un d\u00eda inolvidable en familia, en pareja o con amigos. Con m\u00e1s de <strong>45.000 m\u00b2<\/strong> de superficie, amplias zonas verdes y \u00e1reas de sombra, una variada oferta gastron\u00f3mica y, por supuesto, <strong>diversi\u00f3n para todas las edades<\/strong>, el agua es la gran protagonista y la familia, el coraz\u00f3n del parque.<\/p>\n<p>En <strong>2024 celebramos 25 a\u00f1os<\/strong> compartiendo verano, emociones y miles de recuerdos con nuestros visitantes. Y lo celebramos a lo grande con la incorporaci\u00f3n de nuestra nueva atracci\u00f3n: <strong>Cicl\u00f3n<\/strong>, una experiencia \u00fanica que combina velocidad, giros y adrenalina para los amantes de las emociones fuertes.<\/p>\n<p>Los m\u00e1s peque\u00f1os cuentan con una zona exclusiva llena de toboganes, multipistas, tematizaci\u00f3n divertida y la atracci\u00f3n estrella el <strong>Boomerang Junior<\/strong> tiene un nuevo compa\u00f1ero en la zona infantil con <strong>Cicl\u00f3n<\/strong>. Todo ello dentro de una piscina tipo playa, rodeada de una amplia \u00e1rea con hamacas y sombrillas, perfecta para relajarse mientras los ni\u00f1os se lo pasan en grande.<\/p>\n<p>\u00bfBuscas emociones fuertes? te retamos a probar nuestras atracciones m\u00e1s extremas: <strong>Turbolance, Kamikazes, Super Tornado, Black Hole<\/strong> y, por supuesto, el impresionante <strong>Boomerang<\/strong>. Si prefieres emociones m\u00e1s moderadas para disfrutar en grupo, no te pierdas las <strong>Multipistas, R\u00edo Bravo, Zig-Zag<\/strong> y la siempre divertida <strong>Piscina de Olas<\/strong>.<\/p>\n<p>Y cuando llegue el momento de relajarse, nada mejor que un ba\u00f1o en nuestro <strong>Jacuzzi<\/strong> o en el <strong>Lago Azul<\/strong>, con su terraza bar <strong>La Isla<\/strong>, situada en el centro de la piscina, donde podr\u00e1s desconectar con una bebida refrescante.<\/p>\n<p>Este verano, ven a divertirte con nosotros.<\/p>\n<p><strong>\u00a1te espera el mejor d\u00eda del verano!<\/strong><\/p>\n<\/div><\/section><\/p><\/div><\/div><!--close column table wrapper. Autoclose: 1 -->\n\n","protected":false},"excerpt":{"rendered":"","protected":false},"author":1,"featured_media":0,"parent":0,"menu_order":0,"comment_status":"closed","ping_status":"closed","template":"","meta":{"footnotes":""},"class_list":["post-522","page","type-page","status-publish","hentry"],"yoast_head":"<!-- This site is optimized with the Yoast SEO plugin v27.5 - https:\/\/yoast.com\/product\/yoast-seo-wordpress\/ -->\n<title>Sobre el parque - Mario Park<\/title>\n<meta name=\"robots\" content=\"index, follow, max-snippet:-1, max-image-preview:large, max-video-preview:-1\" \/>\n<link rel=\"canonical\" href=\"https:\/\/www.mariopark.com\/en\/sobre-el-parque\/\" \/>\n<meta property=\"og:locale\" content=\"en_US\" \/>\n<meta property=\"og:type\" content=\"article\" \/>\n<meta property=\"og:title\" content=\"Sobre el parque - Mario Park\" \/>\n<meta property=\"og:url\" content=\"https:\/\/www.mariopark.com\/en\/sobre-el-parque\/\" \/>\n<meta property=\"og:site_name\" content=\"Mario Park\" \/>\n<meta property=\"article:publisher\" content=\"https:\/\/www.facebook.com\/aquaparkmariopark\/\" \/>\n<meta property=\"article:modified_time\" content=\"2025-05-30T10:40:33+00:00\" \/>\n<meta name=\"twitter:card\" content=\"summary_large_image\" \/>\n<script type=\"application\/ld+json\" class=\"yoast-schema-graph\">{\"@context\":\"https:\\\/\\\/schema.org\",\"@graph\":[{\"@type\":\"WebPage\",\"@id\":\"https:\\\/\\\/www.mariopark.com\\\/en\\\/sobre-el-parque\\\/\",\"url\":\"https:\\\/\\\/www.mariopark.com\\\/en\\\/sobre-el-parque\\\/\",\"name\":\"Sobre el parque - Mario Park\",\"isPartOf\":{\"@id\":\"https:\\\/\\\/www.mariopark.com\\\/#website\"},\"datePublished\":\"2025-05-05T07:21:51+00:00\",\"dateModified\":\"2025-05-30T10:40:33+00:00\",\"breadcrumb\":{\"@id\":\"https:\\\/\\\/www.mariopark.com\\\/en\\\/sobre-el-parque\\\/#breadcrumb\"},\"inLanguage\":\"en-US\",\"potentialAction\":[{\"@type\":\"ReadAction\",\"target\":[\"https:\\\/\\\/www.mariopark.com\\\/en\\\/sobre-el-parque\\\/\"]}]},{\"@type\":\"BreadcrumbList\",\"@id\":\"https:\\\/\\\/www.mariopark.com\\\/en\\\/sobre-el-parque\\\/#breadcrumb\",\"itemListElement\":[{\"@type\":\"ListItem\",\"position\":1,\"name\":\"Portada\",\"item\":\"https:\\\/\\\/www.mariopark.com\\\/inicio\\\/\"},{\"@type\":\"ListItem\",\"position\":2,\"name\":\"Sobre el parque\"}]},{\"@type\":\"WebSite\",\"@id\":\"https:\\\/\\\/www.mariopark.com\\\/#website\",\"url\":\"https:\\\/\\\/www.mariopark.com\\\/\",\"name\":\"Mario Park\",\"description\":\"Parque acu\u00e1tico en Almer\u00eda\",\"publisher\":{\"@id\":\"https:\\\/\\\/www.mariopark.com\\\/#organization\"},\"potentialAction\":[{\"@type\":\"SearchAction\",\"target\":{\"@type\":\"EntryPoint\",\"urlTemplate\":\"https:\\\/\\\/www.mariopark.com\\\/?s={search_term_string}\"},\"query-input\":{\"@type\":\"PropertyValueSpecification\",\"valueRequired\":true,\"valueName\":\"search_term_string\"}}],\"inLanguage\":\"en-US\"},{\"@type\":\"Organization\",\"@id\":\"https:\\\/\\\/www.mariopark.com\\\/#organization\",\"name\":\"Mario Park\",\"url\":\"https:\\\/\\\/www.mariopark.com\\\/\",\"logo\":{\"@type\":\"ImageObject\",\"inLanguage\":\"en-US\",\"@id\":\"https:\\\/\\\/www.mariopark.com\\\/#\\\/schema\\\/logo\\\/image\\\/\",\"url\":\"https:\\\/\\\/www.mariopark.com\\\/wp-content\\\/uploads\\\/2025\\\/03\\\/logo_letras_mariopark-1.png\",\"contentUrl\":\"https:\\\/\\\/www.mariopark.com\\\/wp-content\\\/uploads\\\/2025\\\/03\\\/logo_letras_mariopark-1.png\",\"width\":853,\"height\":295,\"caption\":\"Mario Park\"},\"image\":{\"@id\":\"https:\\\/\\\/www.mariopark.com\\\/#\\\/schema\\\/logo\\\/image\\\/\"},\"sameAs\":[\"https:\\\/\\\/www.facebook.com\\\/aquaparkmariopark\\\/\",\"https:\\\/\\\/www.instagram.com\\\/mariopark_water_park\\\/\",\"https:\\\/\\\/www.tiktok.com\\\/@marioparkwaterpark\"]}]}<\/script>\n<!-- \/ Yoast SEO plugin. -->","yoast_head_json":{"title":"Sobre el parque - Mario Park","robots":{"index":"index","follow":"follow","max-snippet":"max-snippet:-1","max-image-preview":"max-image-preview:large","max-video-preview":"max-video-preview:-1"},"canonical":"https:\/\/www.mariopark.com\/en\/sobre-el-parque\/","og_locale":"en_US","og_type":"article","og_title":"Sobre el parque - Mario Park","og_url":"https:\/\/www.mariopark.com\/en\/sobre-el-parque\/","og_site_name":"Mario Park","article_publisher":"https:\/\/www.facebook.com\/aquaparkmariopark\/","article_modified_time":"2025-05-30T10:40:33+00:00","twitter_card":"summary_large_image","schema":{"@context":"https:\/\/schema.org","@graph":[{"@type":"WebPage","@id":"https:\/\/www.mariopark.com\/en\/sobre-el-parque\/","url":"https:\/\/www.mariopark.com\/en\/sobre-el-parque\/","name":"Sobre el parque - Mario Park","isPartOf":{"@id":"https:\/\/www.mariopark.com\/#website"},"datePublished":"2025-05-05T07:21:51+00:00","dateModified":"2025-05-30T10:40:33+00:00","breadcrumb":{"@id":"https:\/\/www.mariopark.com\/en\/sobre-el-parque\/#breadcrumb"},"inLanguage":"en-US","potentialAction":[{"@type":"ReadAction","target":["https:\/\/www.mariopark.com\/en\/sobre-el-parque\/"]}]},{"@type":"BreadcrumbList","@id":"https:\/\/www.mariopark.com\/en\/sobre-el-parque\/#breadcrumb","itemListElement":[{"@type":"ListItem","position":1,"name":"Portada","item":"https:\/\/www.mariopark.com\/inicio\/"},{"@type":"ListItem","position":2,"name":"Sobre el parque"}]},{"@type":"WebSite","@id":"https:\/\/www.mariopark.com\/#website","url":"https:\/\/www.mariopark.com\/","name":"Mario Park","description":"Parque acu\u00e1tico en Almer\u00eda","publisher":{"@id":"https:\/\/www.mariopark.com\/#organization"},"potentialAction":[{"@type":"SearchAction","target":{"@type":"EntryPoint","urlTemplate":"https:\/\/www.mariopark.com\/?s={search_term_string}"},"query-input":{"@type":"PropertyValueSpecification","valueRequired":true,"valueName":"search_term_string"}}],"inLanguage":"en-US"},{"@type":"Organization","@id":"https:\/\/www.mariopark.com\/#organization","name":"Mario Park","url":"https:\/\/www.mariopark.com\/","logo":{"@type":"ImageObject","inLanguage":"en-US","@id":"https:\/\/www.mariopark.com\/#\/schema\/logo\/image\/","url":"https:\/\/www.mariopark.com\/wp-content\/uploads\/2025\/03\/logo_letras_mariopark-1.png","contentUrl":"https:\/\/www.mariopark.com\/wp-content\/uploads\/2025\/03\/logo_letras_mariopark-1.png","width":853,"height":295,"caption":"Mario Park"},"image":{"@id":"https:\/\/www.mariopark.com\/#\/schema\/logo\/image\/"},"sameAs":["https:\/\/www.facebook.com\/aquaparkmariopark\/","https:\/\/www.instagram.com\/mariopark_water_park\/","https:\/\/www.tiktok.com\/@marioparkwaterpark"]}]}},"_links":{"self":[{"href":"https:\/\/www.mariopark.com\/en\/wp-json\/wp\/v2\/pages\/522","targetHints":{"allow":["GET"]}}],"collection":[{"href":"https:\/\/www.mariopark.com\/en\/wp-json\/wp\/v2\/pages"}],"about":[{"href":"https:\/\/www.mariopark.com\/en\/wp-json\/wp\/v2\/types\/page"}],"author":[{"embeddable":true,"href":"https:\/\/www.mariopark.com\/en\/wp-json\/wp\/v2\/users\/1"}],"replies":[{"embeddable":true,"href":"https:\/\/www.mariopark.com\/en\/wp-json\/wp\/v2\/comments?post=522"}],"version-history":[{"count":2,"href":"https:\/\/www.mariopark.com\/en\/wp-json\/wp\/v2\/pages\/522\/revisions"}],"predecessor-version":[{"id":526,"href":"https:\/\/www.mariopark.com\/en\/wp-json\/wp\/v2\/pages\/522\/revisions\/526"}],"wp:attachment":[{"href":"https:\/\/www.mariopark.com\/en\/wp-json\/wp\/v2\/media?parent=522"}],"curies":[{"name":"wp","href":"https:\/\/api.w.org\/{rel}","templated":true}]}}